{"id":18,"date":"2018-06-06T15:03:16","date_gmt":"2018-06-06T13:03:16","guid":{"rendered":"http:\/\/unemainposee.fr\/?page_id=18"},"modified":"2021-03-04T17:00:20","modified_gmt":"2021-03-04T16:00:20","slug":"tarifs","status":"publish","type":"page","link":"https:\/\/unemainposee.fr\/index.php\/tarifs\/","title":{"rendered":"Tarifs"},"content":{"rendered":"<div class='avia-image-container  av-styling-   avia-align-left '  itemscope=\"itemscope\" itemtype=\"https:\/\/schema.org\/ImageObject\"  ><div class='avia-image-container-inner'><img class='avia_image ' src='https:\/\/unemainposee.fr\/wp-content\/uploads\/2018\/08\/titre_tarifs.png' alt='' title='titre_tarifs'   itemprop=\"contentURL\"  \/><\/div><\/div>\n<div style='height:30px' class='hr hr-invisible '><span class='hr-inner ' ><span class='hr-inner-style'><\/span><\/span><\/div>\n<div class='flex_column_table av-equal-height-column-flextable' ><div class=\"flex_column av_three_fifth  flex_column_table_cell av-equal-height-column av-align-top av-zero-column-padding first  \" style='border-radius:0px; '><p><section class=\"av_textblock_section\"  itemscope=\"itemscope\" itemtype=\"https:\/\/schema.org\/CreativeWork\" ><div class='avia_textblock '   itemprop=\"text\" ><p><strong><span style=\"font-family: verdana, geneva, sans-serif;\">Vous\u00a0trouverez ci-apr\u00e8s les tarifs des diff\u00e9rentes prestations.<\/span><\/strong><\/p>\n<p><span style=\"font-family: verdana, geneva, sans-serif;\">Un\u00a0<strong>devis<\/strong> vous sera propos\u00e9 pour les interventions dans les\u00a0<strong>\u00e9tablissements de sant\u00e9<\/strong> et les\u00a0<strong>entreprises <\/strong>selon les <strong>prestations choisies<\/strong>.\u00a0<\/span><\/p>\n<\/div><\/section><br \/>\n<div style=' margin-top:30px; margin-bottom:30px;'  class='hr hr-custom hr-center hr-icon-yes '><span class='hr-inner   inner-border-av-border-thin' style=' width:50px; border-color:#7c8d6f;' ><span class='hr-inner-style'><\/span><\/span><span class='av-seperator-icon' style='color:#7c8d6f;' aria-hidden='true' data-av_icon='\ue855' data-av_iconfont='entypo-fontello'><\/span><span class='hr-inner   inner-border-av-border-thin' style=' width:50px; border-color:#7c8d6f;' ><span class='hr-inner-style'><\/span><\/span><\/div><br \/>\n<section class=\"av_textblock_section\"  itemscope=\"itemscope\" itemtype=\"https:\/\/schema.org\/CreativeWork\" ><div class='avia_textblock '   itemprop=\"text\" ><h3><span style=\"font-size: 14pt;\"><span style=\"font-size: 18pt;\"><strong><span style=\"color: #1a4750;\">Les massages bien-\u00eatre<\/span><\/strong><\/span><br \/>\n<\/span><\/h3>\n<\/div><\/section><br \/>\n<div style='height:30px' class='hr hr-invisible '><span class='hr-inner ' ><span class='hr-inner-style'><\/span><\/span><\/div><br \/>\n<section class=\"av_textblock_section\"  itemscope=\"itemscope\" itemtype=\"https:\/\/schema.org\/CreativeWork\" ><div class='avia_textblock '   itemprop=\"text\" ><table style=\"border-collapse: collapse; width: 100%; height: 233px;\">\n<tbody>\n<tr style=\"height: 65px;\">\n<td style=\"width: 37.7602%; height: 65px;\">\n<h3><span style=\"color: #0e3d4a;\">Les massages bien-\u00eatre*<\/span><\/h3>\n<\/td>\n<td style=\"width: 28.9064%; height: 65px; text-align: center;\">\n<h3><span style=\"color: #0e3d4a;\">30 min<\/span><\/h3>\n<\/td>\n<td style=\"width: 33.3333%; height: 65px; text-align: center;\">\n<h3><span style=\"color: #0e3d4a;\">35\u20ac<\/span><\/h3>\n<\/td>\n<\/tr>\n<tr style=\"height: 24px;\">\n<td style=\"width: 37.7602%; height: 24px;\"><\/td>\n<td style=\"width: 28.9064%; height: 24px; text-align: center;\">\n<h3><span style=\"color: #0e3d4a;\">60 min<\/span><\/h3>\n<\/td>\n<td style=\"width: 33.3333%; height: 24px; text-align: center;\">\n<h3><span style=\"color: #0e3d4a;\">60\u20ac<\/span><\/h3>\n<\/td>\n<\/tr>\n<tr style=\"height: 24px;\">\n<td style=\"width: 37.7602%; height: 24px;\"><\/td>\n<td style=\"width: 28.9064%; height: 24px; text-align: center;\">\n<h3><span style=\"color: #0e3d4a;\">90 min<\/span><\/h3>\n<\/td>\n<td style=\"width: 33.3333%; height: 24px; text-align: center;\">\n<h3><span style=\"color: #0e3d4a;\">85\u20ac<\/span><\/h3>\n<\/td>\n<\/tr>\n<tr style=\"height: 24px;\">\n<td style=\"width: 37.7602%; height: 24px;\"><\/td>\n<td style=\"width: 28.9064%; height: 24px; text-align: center;\"><\/td>\n<td style=\"width: 33.3333%; height: 24px; text-align: center;\"><\/td>\n<\/tr>\n<tr style=\"height: 24px;\">\n<td style=\"width: 37.7602%; height: 24px;\">\n<h3><span style=\"color: #0e3d4a;\">Le massage aux pierres chaudes<\/span><\/h3>\n<\/td>\n<td style=\"width: 28.9064%; height: 24px; text-align: center;\">\n<h3><span style=\"color: #0e3d4a;\">60 min<\/span><\/h3>\n<\/td>\n<td style=\"width: 33.3333%; height: 24px; text-align: center;\">\n<h3><span style=\"color: #0e3d4a;\">75\u20ac<\/span><\/h3>\n<\/td>\n<\/tr>\n<tr style=\"height: 24px;\">\n<td style=\"width: 37.7602%; height: 24px;\"><\/td>\n<td style=\"width: 28.9064%; height: 24px; text-align: center;\">\n<h3><span style=\"color: #0e3d4a;\">90 min<\/span><\/h3>\n<\/td>\n<td style=\"width: 33.3333%; height: 24px; text-align: center;\">\n<h3><span style=\"color: #0e3d4a;\">100 \u20ac<\/span><\/h3>\n<\/td>\n<\/tr>\n<tr style=\"height: 24px;\">\n<td style=\"width: 37.7602%; height: 24px;\"><\/td>\n<td style=\"width: 28.9064%; height: 24px; text-align: center;\"><\/td>\n<td style=\"width: 33.3333%; height: 24px; text-align: center;\"><\/td>\n<\/tr>\n<tr style=\"height: 24px;\">\n<td style=\"width: 37.7602%; height: 24px;\">\n<h3><span style=\"color: #0e3d4a;\">La relaxin\u00e9sie\u00ae<\/span><\/h3>\n<\/td>\n<td style=\"width: 28.9064%; height: 24px; text-align: center;\">\n<h3><span style=\"color: #0e3d4a;\">45 min<\/span><\/h3>\n<\/td>\n<td style=\"width: 33.3333%; height: 24px; text-align: center;\">\n<h3><span style=\"color: #0e3d4a;\">50 \u20ac<\/span><\/h3>\n<\/td>\n<\/tr>\n<\/tbody>\n<\/table>\n<\/div><\/section><br \/>\n<section class=\"av_textblock_section\"  itemscope=\"itemscope\" itemtype=\"https:\/\/schema.org\/CreativeWork\" ><div class='avia_textblock '   itemprop=\"text\" ><p><span style=\"font-size: 10pt;\"><span style=\"font-family: verdana, geneva, sans-serif;\"><span style=\"font-size: 12pt;\">*<\/span>L&#8217;Essentiel\u00ae , Le Grand Relaxant, Le californien et Le massage sur mesure.<\/span><\/span><\/p>\n<\/div><\/section><br \/>\n<div style='height:30px' class='hr hr-invisible '><span class='hr-inner ' ><span class='hr-inner-style'><\/span><\/span><\/div><br \/>\n<section class=\"av_textblock_section\"  itemscope=\"itemscope\" itemtype=\"https:\/\/schema.org\/CreativeWork\" ><div class='avia_textblock '   itemprop=\"text\" ><h3><span style=\"font-size: 14pt;\"><span style=\"font-size: 18pt;\"><strong><span style=\"color: #1a4750;\">Les massages \u00e9nerg\u00e9tiques chinois<\/span><\/strong><\/span><br \/>\n<\/span><\/h3>\n<\/div><\/section><br \/>\n<div style='height:30px' class='hr hr-invisible '><span class='hr-inner ' ><span class='hr-inner-style'><\/span><\/span><\/div><br \/>\n<section class=\"av_textblock_section\"  itemscope=\"itemscope\" itemtype=\"https:\/\/schema.org\/CreativeWork\" ><div class='avia_textblock '   itemprop=\"text\" ><table style=\"border-collapse: collapse; width: 100%; height: 178px;\">\n<tbody>\n<tr style=\"height: 65px;\">\n<td style=\"width: 38.6375%; height: 65px;\">\n<h3><span style=\"color: #0e3d4a;\">Les massages \u00e9nerg\u00e9tiques chinois<\/span><\/h3>\n<\/td>\n<td style=\"width: 28.0291%; height: 65px; text-align: center;\">\n<h3><span style=\"color: #0e3d4a;\">70 min<\/span><\/h3>\n<\/td>\n<td style=\"width: 33.3333%; height: 65px; text-align: center;\">\n<h3><span style=\"color: #0e3d4a;\">70\u20ac<\/span><\/h3>\n<\/td>\n<\/tr>\n<tr style=\"height: 24px;\">\n<td style=\"width: 38.6375%; height: 24px;\"><\/td>\n<td style=\"width: 28.0291%; height: 24px; text-align: center;\"><\/td>\n<td style=\"width: 33.3333%; height: 24px; text-align: center;\"><\/td>\n<\/tr>\n<tr style=\"height: 65px;\">\n<td style=\"width: 38.6375%; height: 65px;\">\n<h3><span style=\"color: #0e3d4a;\">Le massage \u00e9nerg\u00e9tique de la femme enceinte\u00a0<\/span><\/h3>\n<\/td>\n<td style=\"width: 28.0291%; height: 65px; text-align: center;\">\n<h3><span style=\"color: #0e3d4a;\">S\u00e9ance unique\u00a0<\/span><\/h3>\n<h3><span style=\"color: #0e3d4a;\">(1h45)<\/span><\/h3>\n<\/td>\n<td style=\"width: 33.3333%; height: 65px; text-align: center;\">\n<h3><span style=\"color: #0e3d4a;\">80\u20ac<\/span><\/h3>\n<\/td>\n<\/tr>\n<tr style=\"height: 24px;\">\n<td style=\"width: 38.6375%; height: 24px;\"><\/td>\n<td style=\"width: 28.0291%; height: 24px; text-align: center;\">\n<h3><span style=\"color: #0e3d4a;\">Suivi<\/span><\/h3>\n<h3><span style=\"color: #0e3d4a;\">(4 s\u00e9ances de 1h45)<\/span><\/h3>\n<\/td>\n<td style=\"width: 33.3333%; height: 24px; text-align: center;\">\n<h3><span style=\"color: #0e3d4a;\">280\u20ac*<\/span><\/h3>\n<h3><span style=\"font-size: 10pt; color: #0e3d4a;\">* soit 70\u20ac par s\u00e9ance \u2013\u00a0<\/span><\/h3>\n<h3><span style=\"font-size: 10pt; color: #0e3d4a;\">Possibilit\u00e9 de payer en 3 fois<\/span><\/h3>\n<\/td>\n<\/tr>\n<\/tbody>\n<\/table>\n<\/div><\/section><br \/>\n<div style=' margin-top:30px; margin-bottom:30px;'  class='hr hr-custom hr-center hr-icon-yes '><span class='hr-inner   inner-border-av-border-thin' style=' width:50px; border-color:#7c8d6f;' ><span class='hr-inner-style'><\/span><\/span><span class='av-seperator-icon' style='color:#7c8d6f;' aria-hidden='true' data-av_icon='\ue855' data-av_iconfont='entypo-fontello'><\/span><span class='hr-inner   inner-border-av-border-thin' style=' width:50px; border-color:#7c8d6f;' ><span class='hr-inner-style'><\/span><\/span><\/div><br \/>\n<section class=\"av_textblock_section\"  itemscope=\"itemscope\" itemtype=\"https:\/\/schema.org\/CreativeWork\" ><div class='avia_textblock '   itemprop=\"text\" ><h3><span style=\"font-size: 14pt;\"><span style=\"font-size: 18pt;\"><strong><span style=\"color: #1a4750;\">Les personnes fragilis\u00e9es<\/span><\/strong><\/span><br \/>\n<\/span><\/h3>\n<\/div><\/section><br \/>\n<div style='height:30px' class='hr hr-invisible '><span class='hr-inner ' ><span class='hr-inner-style'><\/span><\/span><\/div><br \/>\n<section class=\"av_textblock_section\"  itemscope=\"itemscope\" itemtype=\"https:\/\/schema.org\/CreativeWork\" ><div class='avia_textblock '   itemprop=\"text\" ><ul>\n<li><span style=\"font-family: verdana, geneva, sans-serif;\"><b>Intervention en institution (EHPAD, maisons de retraite, r\u00e9sidences s\u00e9niors, maisons m\u00e9dicalis\u00e9es\u2026)<\/b><\/span><\/li>\n<\/ul>\n<p><span style=\"font-family: verdana, geneva, sans-serif;\">Mes prestations sont tr\u00e8s souvent <\/span><span style=\"font-family: verdana, geneva, sans-serif;\">financ\u00e9es par le <strong>budget<\/strong> &#8220;<strong>Animations&#8221;<\/strong> des \u00e9tablissements. <\/span><span style=\"font-family: verdana, geneva, sans-serif;\">Selon la fr\u00e9quence et la r\u00e9gularit\u00e9 des interventions, un devis vous sera propos\u00e9.<\/span><\/p>\n<p><span style=\"font-family: verdana, geneva, sans-serif;\">Des prestations en \u00ab massage assis \u00bb \u00e0 destination du personnel sont offertes selon le contrat mis en place.<\/span><\/p>\n<\/div><\/section><br \/>\n<div style=' margin-top:30px; margin-bottom:30px;'  class='hr hr-custom hr-center hr-icon-yes '><span class='hr-inner   inner-border-av-border-thin' style=' width:50px; border-color:#7c8d6f;' ><span class='hr-inner-style'><\/span><\/span><span class='av-seperator-icon' style='color:#7c8d6f;' aria-hidden='true' data-av_icon='\ue855' data-av_iconfont='entypo-fontello'><\/span><span class='hr-inner   inner-border-av-border-thin' style=' width:50px; border-color:#7c8d6f;' ><span class='hr-inner-style'><\/span><\/span><\/div><br \/>\n<section class=\"av_textblock_section\"  itemscope=\"itemscope\" itemtype=\"https:\/\/schema.org\/CreativeWork\" ><div class='avia_textblock '   itemprop=\"text\" ><h3><span style=\"font-size: 14pt;\"><span style=\"font-size: 18pt;\"><strong><span style=\"color: #1a4750;\">En entreprise<\/span><\/strong><\/span><br \/>\n<\/span><\/h3>\n<\/div><\/section><br \/>\n<div style='height:20px' class='hr hr-invisible '><span class='hr-inner ' ><span class='hr-inner-style'><\/span><\/span><\/div><br \/>\n<section class=\"av_textblock_section\"  itemscope=\"itemscope\" itemtype=\"https:\/\/schema.org\/CreativeWork\" ><div class='avia_textblock '   itemprop=\"text\" ><p><span style=\"font-family: verdana, geneva, sans-serif;\">Apr\u00e8s un rendez-vous durant lequel nous \u00e9changerons sur vos attentes et besoins, un devis vous sera propos\u00e9.<br \/>\n<\/span><span style=\"font-family: verdana, geneva, sans-serif;\">N&#8217;h\u00e9sitez pas \u00e0 me contacter pour \u00e9changer sur les interventions possibles.<\/span><\/p>\n<\/div><\/section><\/p><\/div>\n<div class='av-flex-placeholder'><\/div><div class=\"flex_column av_two_fifth  flex_column_table_cell av-equal-height-column av-align-top av-zero-column-padding   \" style='border-radius:0px; '><p><div class='avia-image-container  av-styling-   avia-align-center '  itemscope=\"itemscope\" itemtype=\"https:\/\/schema.org\/ImageObject\"  ><div class='avia-image-container-inner'><img class='avia_image ' src='https:\/\/unemainposee.fr\/wp-content\/uploads\/2020\/01\/photo-site.jpg' alt='' title='photo site'   itemprop=\"contentURL\"  \/><\/div><\/div><br \/>\n<div style='height:40px' class='hr hr-invisible '><span class='hr-inner ' ><span class='hr-inner-style'><\/span><\/span><\/div><br \/>\n<section class=\"av_textblock_section\"  itemscope=\"itemscope\" itemtype=\"https:\/\/schema.org\/CreativeWork\" ><div class='avia_textblock '   itemprop=\"text\" ><h3 style=\"text-align: left;\"><span style=\"font-size: 14pt;\"><span style=\"font-size: 18pt; color: #7c8d6f;\"><strong>Les Offres\u00a0<\/strong><\/span><br \/>\n<\/span><\/h3>\n<\/div><\/section><br \/>\n<div style='height:40px' class='hr hr-invisible '><span class='hr-inner ' ><span class='hr-inner-style'><\/span><\/span><\/div><br \/>\n<div class='avia-image-container avia_animated_image avia_animate_when_almost_visible pop-up av-styling-   avia-align-left '  itemscope=\"itemscope\" itemtype=\"https:\/\/schema.org\/ImageObject\"  ><div class='avia-image-container-inner'><img class='avia_image ' src='https:\/\/unemainposee.fr\/wp-content\/uploads\/2018\/08\/carte_abonnement-1.png' alt='' title='carte_abonnement'   itemprop=\"contentURL\"  \/><\/div><\/div><br \/>\n<div style='height:10px' class='hr hr-invisible '><span class='hr-inner ' ><span class='hr-inner-style'><\/span><\/span><\/div><br \/>\n<section class=\"av_textblock_section\"  itemscope=\"itemscope\" itemtype=\"https:\/\/schema.org\/CreativeWork\" ><div class='avia_textblock '   itemprop=\"text\" ><h3><span style=\"color: #1a4750;\"><strong>Carte abonnement \u00a0 \u00a0 \u00a0 \u00a0 \u00a0 \u00a0 \u00a0 \u00a0 \u00a0 \u00a0 \u00a0 \u00a0 \u00a0 \u00a0 \u00a0 \u00a0 \u00a0 \u00a0 \u00a0 \u00a0 \u00a0 \u00a0 \u00a0 \u00a0 \u00a0 \u00a0 \u00a0 \u00a0 \u00a0 \u00a0 \u00a0 \u00a0 \u00a0 \u00a0 \u00a0 \u00a0 \u00a0<a href=\"http:\/\/unemainposee.fr\/wp-content\/uploads\/2018\/09\/Remise-de-10.tif\"><img class=\"alignnone size-full wp-image-630\" src=\"http:\/\/unemainposee.fr\/wp-content\/uploads\/2018\/09\/Remise-de-10.tif\" alt=\"\" \/><\/a><br \/>\n<\/strong><\/span><\/h3>\n<ul>\n<li><span style=\"font-family: verdana, geneva, sans-serif;\">5 heures de massages* \u00e0 utiliser au gr\u00e9 de vos envies <em><span style=\"font-size: 8pt;\">(<\/span><span style=\"font-family: verdana, geneva, sans-serif; font-size: 8pt;\">* hors pierres chaudes)<\/span><\/em><\/span><\/li>\n<li><span style=\"font-family: verdana, geneva, sans-serif;\">Valable 6 mois<\/span><\/li>\n<li><span style=\"font-family: verdana, geneva, sans-serif;\">Non nominative (toute la famille peut en profiter !)<\/span><\/li>\n<li><span style=\"font-family: verdana, geneva, sans-serif;\">Prix : <strong>245 <\/strong><\/span><span style=\"font-family: verdana, geneva, sans-serif;\"><strong>\u20ac<\/strong> (possibilit\u00e9 de payer en 3 fois)<\/span><\/li>\n<\/ul>\n<\/div><\/section><br \/>\n<div style=' margin-top:0px; margin-bottom:30px;'  class='hr hr-custom hr-left hr-icon-yes '><span class='hr-inner   inner-border-av-border-thin' style=' width:50px; border-color:#7c8d6f;' ><span class='hr-inner-style'><\/span><\/span><span class='av-seperator-icon' style='color:#7c8d6f;' aria-hidden='true' data-av_icon='\ue855' data-av_iconfont='entypo-fontello'><\/span><span class='hr-inner   inner-border-av-border-thin' style=' width:50px; border-color:#7c8d6f;' ><span class='hr-inner-style'><\/span><\/span><\/div><br \/>\n<div class='avia-image-container avia_animated_image avia_animate_when_almost_visible pop-up av-styling-   avia-align-left '  itemscope=\"itemscope\" itemtype=\"https:\/\/schema.org\/ImageObject\"  ><div class='avia-image-container-inner'><img class='avia_image ' src='https:\/\/unemainposee.fr\/wp-content\/uploads\/2018\/08\/carte_cadeau-2.png' alt='' title='carte_cadeau'   itemprop=\"contentURL\"  \/><\/div><\/div><br \/>\n<div style='height:10px' class='hr hr-invisible '><span class='hr-inner ' ><span class='hr-inner-style'><\/span><\/span><\/div><br \/>\n<section class=\"av_textblock_section\"  itemscope=\"itemscope\" itemtype=\"https:\/\/schema.org\/CreativeWork\" ><div class='avia_textblock '   itemprop=\"text\" ><h3><span style=\"color: #1a4750;\"><strong>Carte cadeau :<\/strong><\/span><\/h3>\n<ul>\n<li><span style=\"font-family: verdana, geneva, sans-serif;\">Temps et massage au choix<\/span><\/li>\n<li><span style=\"font-family: verdana, geneva, sans-serif;\">Valable 6 mois<\/span><\/li>\n<li><span style=\"font-family: verdana, geneva, sans-serif;\">Nominative<\/span><\/li>\n<\/ul>\n<h3><span style=\"color: #7c8d6f;\">Le plus :\u00a0<\/span><\/h3>\n<p><span style=\"font-family: verdana, geneva, sans-serif;\"><img loading=\"lazy\" class=\"wp-image-1124 alignleft\" src=\"https:\/\/unemainposee.fr\/wp-content\/uploads\/2019\/12\/cadeau-1.jpg\" alt=\"\" width=\"55\" height=\"55\" srcset=\"https:\/\/unemainposee.fr\/wp-content\/uploads\/2019\/12\/cadeau-1.jpg 89w, https:\/\/unemainposee.fr\/wp-content\/uploads\/2019\/12\/cadeau-1-36x36.jpg 36w\" sizes=\"(max-width: 55px) 100vw, 55px\" \/>Pour toute carte cadeau achet\u00e9e, un avoir de <strong>10 \u20ac vous est offert* <\/strong>sur votre prochain massage !<\/span><\/p>\n<p><span style=\"font-family: verdana, geneva, sans-serif; font-size: 10pt;\"><em>* Offre valable 6 mois \u00e0 compter de l&#8217;achat de la carte cadeau et non cumulable : 1 seule r\u00e9duction par massage.<\/em><\/span><\/p>\n<\/div><\/section><br \/>\n<div style='height:10px' class='hr hr-invisible '><span class='hr-inner ' ><span class='hr-inner-style'><\/span><\/span><\/div><br \/>\n<div style=' margin-top:0px; margin-bottom:30px;'  class='hr hr-custom hr-left hr-icon-yes '><span class='hr-inner   inner-border-av-border-thin' style=' width:50px; border-color:#7c8d6f;' ><span class='hr-inner-style'><\/span><\/span><span class='av-seperator-icon' style='color:#7c8d6f;' aria-hidden='true' data-av_icon='\ue855' data-av_iconfont='entypo-fontello'><\/span><span class='hr-inner   inner-border-av-border-thin' style=' width:50px; border-color:#7c8d6f;' ><span class='hr-inner-style'><\/span><\/span><\/div><br \/>\n<section class=\"av_textblock_section\"  itemscope=\"itemscope\" itemtype=\"https:\/\/schema.org\/CreativeWork\" ><div class='avia_textblock '   itemprop=\"text\" ><h3><span style=\"color: #0e3d4a;\"><strong>L&#8217;offre de Parrainage :<\/strong><\/span><\/h3>\n<ul>\n<li><span style=\"font-family: verdana, geneva, sans-serif;\"><strong>Pour vous<\/strong> : <strong>10 \u20ac de r\u00e9duction<\/strong> \u00e0 valoir sur votre prochain massage* (une fois le massage de votre filleul.e effectu\u00e9).<\/span><\/li>\n<li><span style=\"font-family: verdana, geneva, sans-serif;\"><strong>Pour votre filleul.e<\/strong> : <strong>10 \u20ac de r\u00e9duction<\/strong> sur son premier massage.<\/span><\/li>\n<\/ul>\n<p><span style=\"font-family: verdana, geneva, sans-serif;\">Le parrain n&#8217;est pas limit\u00e9 dans le nombre de personne qu&#8217;il recommande mais l&#8217;offre n&#8217;est pas cumulable : une seule r\u00e9duction par massage. Bien entendu, la personne parrain\u00e9e ne peut l&#8217;\u00eatre qu&#8217;une seule fois \ud83d\ude42<\/span><\/p>\n<p><em><span style=\"font-family: verdana, geneva, sans-serif; font-size: 10pt;\">*Offre valable 6 mois \u00e0 compter de la date de rendez-vous de votre filleul.e, non cumulable avec une autre offre.<\/span><\/em><\/p>\n<\/div><\/section><br \/>\n<div style='height:30px' class='hr hr-invisible '><span class='hr-inner ' ><span class='hr-inner-style'><\/span><\/span><\/div><br \/>\n<section class=\"av_textblock_section\"  itemscope=\"itemscope\" itemtype=\"https:\/\/schema.org\/CreativeWork\" ><div class='avia_textblock '   itemprop=\"text\" ><p class=\"font_7\" style=\"text-align: left;\"><span style=\"font-family: verdana, geneva, sans-serif;\">Les prix s\u2019entendent HT, \u201cTVA non applicable &#8211; article 293 B du CGI\u201d.<\/span><\/p>\n<\/div><\/section><br \/>\n<div style='height:30px' class='hr hr-invisible '><span class='hr-inner ' ><span class='hr-inner-style'><\/span><\/span><\/div><br \/>\n<section class=\"av_textblock_section\"  itemscope=\"itemscope\" itemtype=\"https:\/\/schema.org\/CreativeWork\" ><div class='avia_textblock '   itemprop=\"text\" ><p class=\"font_7\" style=\"text-align: center;\"><span style=\"color: #1a4750; font-family: verdana, geneva, sans-serif;\">Pour toute demande de devis,<\/span><\/p>\n<\/div><\/section><br \/>\n<div class='avia-button-wrap avia-button-center '><a href='http:\/\/unemainposee.fr\/index.php\/contact\/' class='avia-button  avia-icon_select-no avia-color-theme-color avia-size-small avia-position-center '   ><span class='avia_iconbox_title' >Contactez-moi<\/span><\/a><\/div><\/p><\/div><\/div><!--close column table wrapper. Autoclose:  -->\n","protected":false},"excerpt":{"rendered":"","protected":false},"author":1,"featured_media":0,"parent":0,"menu_order":0,"comment_status":"closed","ping_status":"closed","template":"","meta":[],"_links":{"self":[{"href":"https:\/\/unemainposee.fr\/index.php\/wp-json\/wp\/v2\/pages\/18"}],"collection":[{"href":"https:\/\/unemainposee.fr\/index.php\/wp-json\/wp\/v2\/pages"}],"about":[{"href":"https:\/\/unemainposee.fr\/index.php\/wp-json\/wp\/v2\/types\/page"}],"author":[{"embeddable":true,"href":"https:\/\/unemainposee.fr\/index.php\/wp-json\/wp\/v2\/users\/1"}],"replies":[{"embeddable":true,"href":"https:\/\/unemainposee.fr\/index.php\/wp-json\/wp\/v2\/comments?post=18"}],"version-history":[{"count":100,"href":"https:\/\/unemainposee.fr\/index.php\/wp-json\/wp\/v2\/pages\/18\/revisions"}],"predecessor-version":[{"id":2074,"href":"https:\/\/unemainposee.fr\/index.php\/wp-json\/wp\/v2\/pages\/18\/revisions\/2074"}],"wp:attachment":[{"href":"https:\/\/unemainposee.fr\/index.php\/wp-json\/wp\/v2\/media?parent=18"}],"curies":[{"name":"wp","href":"https:\/\/api.w.org\/{rel}","templated":true}]}}