{"id":1752,"date":"2021-03-05T15:04:15","date_gmt":"2021-03-05T14:04:15","guid":{"rendered":"https:\/\/unemainposee.fr\/?page_id=1752"},"modified":"2025-02-24T17:38:05","modified_gmt":"2025-02-24T16:38:05","slug":"massages","status":"publish","type":"page","link":"https:\/\/unemainposee.fr\/index.php\/massages\/","title":{"rendered":"En institution"},"content":{"rendered":"<\/div><\/div><\/div><!-- close content main div --><\/div><\/div><div id='av_section_1' class='avia-section main_color avia-section-default avia-no-shadow avia-bg-style-scroll  container_wrap sidebar_right'   ><div class='container' ><div class='template-page content  av-content-small alpha units'><div class='post-entry post-entry-type-page post-entry-1752'><div class='entry-content-wrapper clearfix'>\n<div class=\"flex_column av_two_third  flex_column_div av-zero-column-padding first  \" style='border-radius:0px; '><p><div style='padding-bottom:10px;color:#0e3d4a;' class='av-special-heading av-special-heading-h2 custom-color-heading blockquote modern-quote  '><h2 class='av-special-heading-tag'  itemprop=\"headline\"  >En institution<\/h2><div class='special-heading-border'><div class='special-heading-inner-border' style='border-color:#0e3d4a'><\/div><\/div><\/div><br \/>\n<section class=\"av_textblock_section\"  itemscope=\"itemscope\" itemtype=\"https:\/\/schema.org\/CreativeWork\" ><div class='avia_textblock '   itemprop=\"text\" ><p><img loading=\"lazy\" class=\"wp-image-2293 size-full alignleft\" src=\"https:\/\/unemainposee.fr\/wp-content\/uploads\/2025\/02\/Moi-modifiee-e1740402275977.jpg\" alt=\"\" width=\"140\" height=\"133\" \/><\/p>\n<h3><\/h3>\n<h3><\/h3>\n<h3><\/h3>\n<h3><\/h3>\n<h3><\/h3>\n<h3><\/h3>\n<h3 style=\"text-align: left;\"><span style=\"font-size: 18pt; color: #0e3d4a;\"><span style=\"font-family: georgia, palatino, serif; color: #5e5e5e;\"><strong><span style=\"font-size: 14pt;\">\u00ab <\/span><\/strong><\/span><\/span><span style=\"font-size: 18pt; color: #0e3d4a;\">En institution, j&#8217;utilise mes comp\u00e9tences en massage pour accompagner les personnes fragilis\u00e9es<span style=\"font-family: georgia, palatino, serif; color: #5e5e5e;\"><strong><span style=\"font-size: 14pt;\">\u00bb.<\/span><\/strong><\/span><\/span><\/h3>\n<\/div><\/section><\/p><\/div><div class=\"flex_column av_one_third  flex_column_div av-zero-column-padding   \" style='border-radius:0px; '><section class=\"av_textblock_section\"  itemscope=\"itemscope\" itemtype=\"https:\/\/schema.org\/CreativeWork\" ><div class='avia_textblock '   itemprop=\"text\" ><h3><span style=\"color: #0e3d4a;\"><strong>Les garanties de mes prestations :<\/strong><\/span><\/h3>\n<ul>\n<li>Une action sur mesure<\/li>\n<li>Un devis adapt\u00e9 \u00e0 la prestation<\/li>\n<li>Des interventions de qualit\u00e9<\/li>\n<li>Discretion,\u00a0\u00e9thique et ponctualit\u00e9<\/li>\n<li>Evaluation des b\u00e9n\u00e9fices de l&#8217;intervention<\/li>\n<\/ul>\n<\/div><\/section><\/div><\/div><\/div><\/div><!-- close content main div --><\/div><\/div><div id='after_section_1' class='main_color av_default_container_wrap container_wrap sidebar_right'   ><div class='container' ><div class='template-page content  av-content-small alpha units'><div class='post-entry post-entry-type-page post-entry-1752'><div class='entry-content-wrapper clearfix'><div class='flex_column_table av-equal-height-column-flextable' ><div class=\"flex_column av_two_third  flex_column_table_cell av-equal-height-column av-align-top av-zero-column-padding first  \" style='border-radius:0px; '><p><section class=\"av_textblock_section\"  itemscope=\"itemscope\" itemtype=\"https:\/\/schema.org\/CreativeWork\" ><div class='avia_textblock '   itemprop=\"text\" ><p><span style=\"font-family: verdana, geneva, sans-serif; font-size: 18pt;\"><span style=\"font-size: 14pt; font-family: terminal, monaco, monospace;\"><span style=\"font-family: verdana, geneva, sans-serif; color: #0e3d4a;\">LES MASSAGES<\/span><\/span><\/span><\/p>\n<\/div><\/section><br \/>\n<section class=\"av_textblock_section\"  itemscope=\"itemscope\" itemtype=\"https:\/\/schema.org\/CreativeWork\" ><div class='avia_textblock '   itemprop=\"text\" ><h3><strong><span style=\"color: #1a4750; font-size: large;\">Form\u00e9e au Toucher-massage\u00ae \u00e0 l\u2019IJFS, je mets mes comp\u00e9tences au service des personnes fragilis\u00e9es.<\/span><\/strong><\/h3>\n<p><span style=\"font-family: verdana, geneva, sans-serif;\">Le concept du Toucher-massage\u00ae a \u00e9t\u00e9 cr\u00e9\u00e9 en 1986 par Jo\u00ebl Savatofski (fondateur de l&#8217;IFJS), il se d\u00e9finit comme : \u00abUne intention bienveillante qui prend forme gr\u00e2ce au toucher et \u00e0 l\u2019encha\u00eenement des gestes sur tout le corps ou une partie, qui permet de d\u00e9tendre, relaxer, remettre en forme, rassurer, communiquer ou simplement procurer du bien-\u00eatre, agr\u00e9able \u00e0 recevoir et, qui plus est \u00e0 pratiquer\u00bb.<\/span><\/p>\n<\/div><\/section><br \/>\n<div style='height:30px' class='hr hr-invisible '><span class='hr-inner ' ><span class='hr-inner-style'><\/span><\/span><\/div><br \/>\n<section class=\"av_textblock_section\"  itemscope=\"itemscope\" itemtype=\"https:\/\/schema.org\/CreativeWork\" ><div class='avia_textblock '   itemprop=\"text\" ><h3><strong><span style=\"color: #1a4750; font-size: large;\">Intervention en EHPAD, maisons de retraites, h\u00f4pitaux et autres \u00e9tablissements de sant\u00e9\u00a0<\/span><span style=\"color: #1a4750; font-size: large;\">:<\/span><\/strong><\/h3>\n<p><span style=\"font-family: verdana, geneva, sans-serif;\">Lors de ces interventions, je propose des massages \u00e0 destination des personnes fragilis\u00e9es (notamment des r\u00e9sidents des Ehpad), mais \u00e9galement pour le personnel, offrant ainsi un temps de pause \u00e0 l\u2019ensemble des personnes de l\u2019\u00e9tablissement. <\/span><\/p>\n<p><span style=\"font-family: verdana, geneva, sans-serif;\">Lors de mes interventions en Ehpad, je me rends compte de combien le toucher est pr\u00e9cieux. Il apporte de l&#8217;attention, du r\u00e9confort, calme, apaise et rassure. C&#8217;est un r\u00e9el plaisir de partager ces moments avec les r\u00e9sidents.<\/span><\/p>\n<\/div><\/section><br \/>\n<div style='height:30px' class='hr hr-invisible '><span class='hr-inner ' ><span class='hr-inner-style'><\/span><\/span><\/div><br \/>\n<section class=\"av_textblock_section\"  itemscope=\"itemscope\" itemtype=\"https:\/\/schema.org\/CreativeWork\" ><div class='avia_textblock '   itemprop=\"text\" ><h3><strong><span style=\"color: #1a4750; font-size: large;\">Intervention via l&#8217;association Soiliance<\/span><span style=\"color: #1a4750; font-size: large;\">:<\/span><\/strong><\/h3>\n<p><span style=\"font-family: verdana, geneva, sans-serif;\">Soliance est un r\u00e9seau de professionnels qui a pour objectif la reconnaissance et la diffusion de la pratique du Toucher-massage\u00ae dans le secteur du soin. Il s\u2019agit d\u2019un savoir-faire mais \u00e9galement d\u2019un savoir-\u00eatre.<\/span><\/p>\n<p><span style=\"font-family: verdana, geneva, sans-serif;\">Cette association accompagne et soutient la mise en place d\u2019interventions dans des \u00e9tablissements publics ou priv\u00e9s afin de promouvoir les massages \u00e0 destination des personnes fragilis\u00e9es.<\/span><\/p>\n<p><span style=\"font-family: verdana, geneva, sans-serif;\">N\u2019h\u00e9sitez pas \u00e0 me contacter afin que nous \u00e9changions sur les possibilit\u00e9s d\u2019une telle intervention dans votre \u00e9tablissement.<\/span><\/p>\n<\/div><\/section><\/p><\/div><\/p>\n<div class='av-flex-placeholder'><\/div><div class=\"flex_column av_one_third  flex_column_table_cell av-equal-height-column av-align-top av-zero-column-padding   \" style='border-radius:0px; '><section class=\"av_textblock_section\"  itemscope=\"itemscope\" itemtype=\"https:\/\/schema.org\/CreativeWork\" ><div class='avia_textblock '   itemprop=\"text\" ><p class=\"font_7\" style=\"text-align: center;\"><span style=\"font-family: verdana, geneva, sans-serif;\">Demande de devis \/ une question ?<\/span><\/p>\n<\/div><\/section><br \/>\n<div class='avia-button-wrap avia-button-center '><a href='https:\/\/unemainposee.fr\/index.php\/contact\/' class='avia-button  avia-icon_select-no avia-color-theme-color avia-size-medium avia-position-center '   ><span class='avia_iconbox_title' >Contactez-moi<\/span><\/a><\/div><br \/>\n<div style='height:30px' class='hr hr-invisible '><span class='hr-inner ' ><span class='hr-inner-style'><\/span><\/span><\/div><br \/>\n<div class='avia-image-container  av-styling-   avia-align-center '  itemscope=\"itemscope\" itemtype=\"https:\/\/schema.org\/ImageObject\"  ><div class='avia-image-container-inner'><img class='avia_image ' src='https:\/\/unemainposee.fr\/wp-content\/uploads\/2018\/08\/fragilisees.png' alt='' title='fragilisees'   itemprop=\"contentURL\"  \/><\/div><\/div><br \/>\n<div style='height:50px' class='hr hr-invisible '><span class='hr-inner ' ><span class='hr-inner-style'><\/span><\/span><\/div><br \/>\n<section class=\"av_textblock_section\"  itemscope=\"itemscope\" itemtype=\"https:\/\/schema.org\/CreativeWork\" ><div class='avia_textblock '   itemprop=\"text\" ><h3><span style=\"color: #1a4750;\"><strong>Le Toucher-massage\u00ae est une pratique qui permet:<\/strong><\/span><\/h3>\n<ul>\n<li><span style=\"font-family: verdana, geneva, sans-serif;\">D&#8217;accompagner pour soulager la douleur<\/span><\/li>\n<li><span style=\"font-family: verdana, geneva, sans-serif;\">Le mieux-\u00eatre de la personne en situation de handicap<\/span><\/li>\n<li><span style=\"font-family: verdana, geneva, sans-serif;\">Ou encore le bien-\u00eatre de la personne \u00e2g\u00e9e<\/span><\/li>\n<\/ul>\n<h3><span style=\"color: #1a4750;\"><strong>Les bienfaits du massage aupr\u00e8s<br \/>\ndes personnes fragilis\u00e9es\u00a0:<\/strong><\/span><\/h3>\n<ul>\n<li><span style=\"font-family: verdana, geneva, sans-serif;\">\u00c9veil des sens<\/span><\/li>\n<li><span style=\"font-family: verdana, geneva, sans-serif;\">Apaisement mental et physique<\/span><\/li>\n<li><span style=\"font-family: verdana, geneva, sans-serif;\">\u00c9change et communication non verbale<\/span><\/li>\n<\/ul>\n<h3><span style=\"color: #1a4750;\"><strong>Masser une personne fragilis\u00e9e c\u2019est\u00a0:<\/strong><\/span><\/h3>\n<ul>\n<li><span style=\"font-family: verdana, geneva, sans-serif;\">Lui accorder un temps privil\u00e9gi\u00e9<\/span><\/li>\n<li><span style=\"font-family: verdana, geneva, sans-serif;\">L\u2019autoriser \u00e0 \u00eatre et \u00e0 ressentir<\/span><\/li>\n<li><span style=\"font-family: verdana, geneva, sans-serif;\">Lui redonner conscience de son corps<\/span><\/li>\n<li><span style=\"font-family: verdana, geneva, sans-serif;\">Am\u00e9liorer sa qualit\u00e9 de vi<\/span>e<\/li>\n<\/ul>\n<\/div><\/section><\/p><\/div><\/div><!--close column table wrapper. Autoclose:  -->\n","protected":false},"excerpt":{"rendered":"","protected":false},"author":1,"featured_media":0,"parent":0,"menu_order":0,"comment_status":"closed","ping_status":"closed","template":"","meta":[],"_links":{"self":[{"href":"https:\/\/unemainposee.fr\/index.php\/wp-json\/wp\/v2\/pages\/1752"}],"collection":[{"href":"https:\/\/unemainposee.fr\/index.php\/wp-json\/wp\/v2\/pages"}],"about":[{"href":"https:\/\/unemainposee.fr\/index.php\/wp-json\/wp\/v2\/types\/page"}],"author":[{"embeddable":true,"href":"https:\/\/unemainposee.fr\/index.php\/wp-json\/wp\/v2\/users\/1"}],"replies":[{"embeddable":true,"href":"https:\/\/unemainposee.fr\/index.php\/wp-json\/wp\/v2\/comments?post=1752"}],"version-history":[{"count":19,"href":"https:\/\/unemainposee.fr\/index.php\/wp-json\/wp\/v2\/pages\/1752\/revisions"}],"predecessor-version":[{"id":1984,"href":"https:\/\/unemainposee.fr\/index.php\/wp-json\/wp\/v2\/pages\/1752\/revisions\/1984"}],"wp:attachment":[{"href":"https:\/\/unemainposee.fr\/index.php\/wp-json\/wp\/v2\/media?parent=1752"}],"curies":[{"name":"wp","href":"https:\/\/api.w.org\/{rel}","templated":true}]}}