{"id":16,"date":"2018-06-06T15:03:00","date_gmt":"2018-06-06T13:03:00","guid":{"rendered":"http:\/\/unemainposee.fr\/?page_id=16"},"modified":"2025-02-26T09:32:40","modified_gmt":"2025-02-26T08:32:40","slug":"presentation","status":"publish","type":"page","link":"https:\/\/unemainposee.fr\/index.php\/presentation\/","title":{"rendered":"Pr\u00e9sentation"},"content":{"rendered":"<\/div><\/div><\/div><!-- close content main div --><\/div><\/div><div id='av_section_1' class='avia-section main_color avia-section-default avia-no-shadow avia-bg-style-scroll  container_wrap sidebar_right'   ><div class='container' ><div class='template-page content  av-content-small alpha units'><div class='post-entry post-entry-type-page post-entry-16'><div class='entry-content-wrapper clearfix'>\n<div class=\"flex_column av_one_half  flex_column_div av-zero-column-padding first  \" style='margin-top:0px; margin-bottom:0px; border-radius:0px; '><p><div style='padding-bottom:10px;color:#0e3d4a;' class='av-special-heading av-special-heading-h2 custom-color-heading blockquote modern-quote  '><h2 class='av-special-heading-tag'  itemprop=\"headline\"  >Mon parcours<\/h2><div class='special-heading-border'><div class='special-heading-inner-border' style='border-color:#0e3d4a'><\/div><\/div><\/div><br \/>\n<section class=\"av_textblock_section\"  itemscope=\"itemscope\" itemtype=\"https:\/\/schema.org\/CreativeWork\" ><div class='avia_textblock  av_inherit_color'  style='color:0e3d4a; '  itemprop=\"text\" ><p><span style=\"font-family: verdana, geneva, sans-serif;\">J&#8217;ai le plaisir d&#8217;avoir eu plusieurs m\u00e9tiers dans des secteurs diff\u00e9rents : l\u2019\u00e9cologie, le commerce, l\u2019immobilier. Passionn\u00e9e depuis toujours par les techniques de soin et de bien-\u00eatre au naturel, j\u2019ai eu \u00e0 c\u0153ur de renouer avec mes aspirations profondes : \u00catre utile aux autres, leur permettre d\u2019acc\u00e9der au bien-\u00eatre en utilisant des techniques de soin<\/span><span style=\"font-family: verdana, geneva, sans-serif;\"> naturels.<\/span><\/p>\n<p><strong><span style=\"font-family: verdana, geneva, sans-serif;\">Bien-\u00eatre du corps, mais \u00e9galement de l\u2019esprit.<\/span><\/strong><\/p>\n<p><span style=\"font-style: inherit; font-weight: inherit; font-family: verdana, geneva, sans-serif;\">Dans un premier temps, le massage m\u2019a offert cette nouvelle opportunit\u00e9 de reconversion et il y a six ans, j&#8217;ai cr\u00e9\u00e9 <em style=\"font-weight: inherit;\">Une main pos\u00e9e.<\/em><\/span><\/p>\n<p><span style=\"font-style: inherit; font-weight: inherit; font-family: verdana, geneva, sans-serif;\">Parall\u00e8lement \u00e0 ma formation en massage, je me suis orient\u00e9e vers la sant\u00e9 au naturel en d\u00e9butant une formation en naturopathie. Apr\u00e8s un cycle de formation certifiante de plus de 3 ans, je suis maintenant naturopathe.<\/span><\/p>\n<p><span style=\"font-family: verdana, geneva, sans-serif;\">En 2023, passionn\u00e9e par l&#8217;Alimentation (un des piliers de la naturopathie sur lequel j&#8217;axe beaucoup mon travail), j&#8217;ai eu envie de compl\u00e9ter mes acquis et j&#8217;ai repris un cursus scolaire pour suivre un BTS en di\u00e9t\u00e9tique. Je suis donc actuellement \u00e9tudiante tout en continuant mon activit\u00e9 professionnelle.\u00a0<\/span><\/p>\n<p><strong><span style=\"font-family: verdana, geneva, sans-serif;\">Aujourd\u2019hui, <em>Une main pos\u00e9e<\/em> a \u00e9volu\u00e9. \u00a0Cette main se pose sur votre bien-\u00eatre, mais \u00e9galement sur votre sant\u00e9.<\/span><\/strong><\/p>\n<p><span style=\"font-family: verdana, geneva, sans-serif;\">Mes convictions, mon \u00e9tat d\u2019esprit et les enseignements que j\u2019ai re\u00e7us, me permettent de pratiquer mon m\u00e9tier dans le respect et la bienveillance.<\/span><\/p>\n<\/div><\/section><\/p><\/div><div class=\"flex_column av_one_half  flex_column_div   \" style='margin-top:0px; margin-bottom:0px; padding:15px 0px 0px 0px ; border-radius:0px; '><p><div style='height:25px' class='hr hr-invisible '><span class='hr-inner ' ><span class='hr-inner-style'><\/span><\/span><\/div><br \/>\n<div class='avia-image-container  av-styling-   avia-align-right '  itemscope=\"itemscope\" itemtype=\"https:\/\/schema.org\/ImageObject\"  ><div class='avia-image-container-inner'><img class='avia_image ' src='https:\/\/unemainposee.fr\/wp-content\/uploads\/2025\/02\/Myria-1030x773.jpg' alt='' title='Myria'   itemprop=\"contentURL\"  \/><\/div><\/div><br \/>\n<div style='height:40px' class='hr hr-invisible '><span class='hr-inner ' ><span class='hr-inner-style'><\/span><\/span><\/div><br \/>\n<div class='avia-image-container  av-styling-   avia-align-center '  itemscope=\"itemscope\" itemtype=\"https:\/\/schema.org\/ImageObject\"  ><div class='avia-image-container-inner'><a href='https:\/\/www.facebook.com\/Une-main-pos\u00e9e-491597754587719\/' class='avia_image'   target=\"_blank\" ><img class='avia_image ' src='https:\/\/unemainposee.fr\/wp-content\/uploads\/2018\/08\/bt_fb.png' alt='' title='bt_fb'  itemprop=\"contentURL\"  \/><\/a><\/div><\/div><\/p><\/div><\/div><\/div><\/div><!-- close content main div --><\/div><\/div><div id='after_section_1' class='main_color av_default_container_wrap container_wrap sidebar_right'   ><div class='container' ><div class='template-page content  av-content-small alpha units'><div class='post-entry post-entry-type-page post-entry-16'><div class='entry-content-wrapper clearfix'><\/div><\/div><\/div><!-- close content main div --><\/div><\/div><div id='av_section_2' class='avia-section main_color avia-section-no-padding avia-no-border-styling avia-bg-style-scroll  container_wrap sidebar_right' style = 'background-color: #ffffff; background-color: #ffffff; '  ><div class='container' ><div class='template-page content  av-content-small alpha units'><div class='post-entry post-entry-type-page post-entry-16'><div class='entry-content-wrapper clearfix'>\n<div class=\"flex_column av_one_half  flex_column_div first  \" style='padding:15px 0px 0px 0px ; border-radius:0px; '><p><div style='height:25px' class='hr hr-invisible '><span class='hr-inner ' ><span class='hr-inner-style'><\/span><\/span><\/div><br \/>\n<div style='height:25px' class='hr hr-invisible '><span class='hr-inner ' ><span class='hr-inner-style'><\/span><\/span><\/div><br \/>\n<div class='avia-image-container  av-styling-   avia-align-left '  itemscope=\"itemscope\" itemtype=\"https:\/\/schema.org\/ImageObject\"  ><div class='avia-image-container-inner'><img class='avia_image ' src='https:\/\/unemainposee.fr\/wp-content\/uploads\/2025\/02\/naturo-1030x690.jpg' alt='' title='naturo'   itemprop=\"contentURL\"  \/><\/div><\/div><\/p><\/div><div class=\"flex_column av_one_half  flex_column_div av-zero-column-padding   \" style='border-radius:0px; '><p><div style='padding-bottom:10px;color:#0e3d4a;' class='av-special-heading av-special-heading-h2 custom-color-heading blockquote modern-quote  '><h2 class='av-special-heading-tag'  itemprop=\"headline\"  >Ma formation<\/h2><div class='special-heading-border'><div class='special-heading-inner-border' style='border-color:#0e3d4a'><\/div><\/div><\/div><br \/>\n<div style='height:25px' class='hr hr-invisible '><span class='hr-inner ' ><span class='hr-inner-style'><\/span><\/span><\/div><br \/>\n<section class=\"av_textblock_section\"  itemscope=\"itemscope\" itemtype=\"https:\/\/schema.org\/CreativeWork\" ><div class='avia_textblock  av_inherit_color'  style='color:0e3d4a; '  itemprop=\"text\" ><p><span style=\"font-family: verdana, geneva, sans-serif;\">En 2009, j\u2019ai eu envie de structurer ma pratique de massage, qui jusque-l\u00e0 \u00e9tait instinctive et j\u2019ai effectu\u00e9 une premi\u00e8re formation avec <strong><a href=\"http:\/\/www.formation-massage.com\/\" target=\"_blank\" rel=\"noopener\">Azenday<\/a>.<\/strong><\/span><\/p>\n<p><span style=\"font-family: verdana, geneva, sans-serif;\">En 2017, j\u2019ai eu l\u2019opportunit\u00e9 de suivre une formation certifiante en massage \u201cbien-\u00eatre\u201d avec une sp\u00e9cialisation en \u201cmassage des personnes fragilis\u00e9es\u201d.<\/span><\/p>\n<p><span style=\"font-family: verdana, geneva, sans-serif;\">Cette ann\u00e9e d\u2019apprentissage \u00e0 l\u2019<a href=\"http:\/\/www.ifjs.fr\/\" target=\"_blank\" rel=\"noopener\">Institut de Formation <strong>Jo\u00ebl Savatofski<\/strong><\/a> est \u00e0 l\u2019origine d\u2019Une main pos\u00e9e.<\/span><\/p>\n<p><span style=\"font-family: verdana, geneva, sans-serif;\">Attir\u00e9e par les massages du monde, je me suis \u00e9galement form\u00e9e, durant deux ann\u00e9es, aux \u201cmassages \u00e9nerg\u00e9tiques chinois\u201d via <a href=\"https:\/\/lefilasoi.fr\/\" target=\"_blank\" rel=\"noopener\"><strong>le Fil \u00e0 Soi<\/strong><\/a>, avec <strong>Sylvie Chagnon. <\/strong><\/span><span style=\"font-family: verdana, geneva, sans-serif;\">Cette formation a \u00e9t\u00e9 une formidable invitation \u00e0 d\u00e9couvrir le monde de l\u2019\u00e9nerg\u00e9tique chinoise et l\u2019opportunit\u00e9 de toucher du bout des doigts le chemin des m\u00e9ridiens.<\/span><\/p>\n<p><span style=\"font-family: verdana, geneva, sans-serif;\">En 2017, j\u2019ai \u00e9galement d\u00e9but\u00e9 une formation certifiante en naturopathie au sein de <strong>l\u2019<a href=\"http:\/\/www.naturopathie-jeanclaudeleglise.com\/\" target=\"_blank\" rel=\"noopener\">\u00c9cole de naturopathie Jean-Claude L\u00e9glise<\/a>.<\/strong> Formation que j&#8217;ai termin\u00e9e fin 2020.<\/span><\/p>\n<p><span style=\"font-family: verdana, geneva, sans-serif;\">En 2023, j&#8217;ai repris le chemin de l&#8217;apprentissage et est entrepris un BTS en Di\u00e9t\u00e9tique. Passionn\u00e9e d&#8217;alimentation, cette formation m&#8217;a sembl\u00e9e essentielle pour compl\u00e9ter mes connaissances. Travaillant toujours en parall\u00e8le, j&#8217;ai fait le choix de d\u00e9doubler ce BTS et prends donc le temps d&#8217;int\u00e9grer toutes les connaissances de cette discipline. Je suis cet apprentissage \u00e0 distance avec notamment, la r\u00e9f\u00e9rence en mati\u00e8re d&#8217;accompagnement : <strong><a href=\"https:\/\/www.prepadiet.com\/\">Pr\u00e9padiet<\/a><\/strong>.<\/span><\/p>\n<p><span style=\"font-family: verdana, geneva, sans-serif;\">\u00a0<\/span><\/p>\n<\/div><\/section><\/p><\/div>\n<\/div><\/div><\/div><!-- close content main div --><\/div><\/div><div id='after_section_2' class='main_color av_default_container_wrap container_wrap sidebar_right'   ><div class='container' ><div class='template-page content  av-content-small alpha units'><div class='post-entry post-entry-type-page post-entry-16'><div class='entry-content-wrapper clearfix'><\/p>\n<div class=\"flex_column av_one_full  flex_column_div av-zero-column-padding first  \" style='border-radius:0px; '><section class=\"av_textblock_section\"  itemscope=\"itemscope\" itemtype=\"https:\/\/schema.org\/CreativeWork\" ><div class='avia_textblock '   itemprop=\"text\" ><h3><span style=\"font-size: 14pt;\"><span style=\"font-size: 18pt;\"><strong><span style=\"color: #1a4750;\">Les t\u00e9moignages<\/span><\/strong><\/span><\/p>\n<\/div><\/section><\/span><\/h3>\n<p><div style='height:30px' class='hr hr-invisible '><span class='hr-inner ' ><span class='hr-inner-style'><\/span><\/span><\/div><br \/>\n<div  data-autoplay='1'  data-interval='5'  data-animation='fade'  data-hoverpause='1'  class='avia-testimonial-wrapper avia-grid-testimonials avia-grid-2-testimonials avia_animate_when_almost_visible '>\n<section class ='avia-testimonial-row'><div class='avia-testimonial av_one_half flex_column no_margin avia-testimonial-row-1 avia-first-testimonial'  itemscope=\"itemscope\" itemtype=\"https:\/\/schema.org\/Person\" ><div class='avia-testimonial_inner'><div class='avia-testimonial-content '    itemscope=\"itemscope\" itemtype=\"https:\/\/schema.org\/CreativeWork\" ><p>&#8220;Merci pour cette belle pause relaxante, j\u2019en avais besoin&#8221;<\/p>\n<\/div><div class='avia-testimonial-meta'><div class='avia-testimonial-arrow-wrap'><div class='avia-arrow'><\/div><\/div><div class='avia-testimonial-meta-mini'><strong  class='avia-testimonial-name'    itemprop=\"name\" >Marie \u2013 44 ans <\/strong><span  class='avia-testimonial-subtitle '    itemprop=\"jobTitle\" >L\u2019Essentiel\u00ae<\/span><\/div><\/div><\/div><\/div>\n<div class='avia-testimonial av_one_half flex_column no_margin avia-testimonial-row-1 avia-last-testimonial'  itemscope=\"itemscope\" itemtype=\"https:\/\/schema.org\/Person\" ><div class='avia-testimonial_inner'><div class='avia-testimonial-content '    itemscope=\"itemscope\" itemtype=\"https:\/\/schema.org\/CreativeWork\" ><p>&#8220;Relaxation douce et tr\u00e8s apaisante. Merci beaucoup !&#8221;<\/p>\n<\/div><div class='avia-testimonial-meta'><div class='avia-testimonial-arrow-wrap'><div class='avia-arrow'><\/div><\/div><div class='avia-testimonial-meta-mini'><strong  class='avia-testimonial-name'    itemprop=\"name\" >Nicolas \u2013 39 ans <\/strong><span  class='avia-testimonial-subtitle '    itemprop=\"jobTitle\" >La Relaxin\u00e9sie\u00ae <\/span><\/div><\/div><\/div><\/div><\/section>\n<section class ='avia-testimonial-row'><div class='avia-testimonial av_one_half flex_column no_margin avia-testimonial-row-2 avia-first-testimonial'  itemscope=\"itemscope\" itemtype=\"https:\/\/schema.org\/Person\" ><div class='avia-testimonial_inner'><div class='avia-testimonial-content '    itemscope=\"itemscope\" itemtype=\"https:\/\/schema.org\/CreativeWork\" ><p>&#8220;Un massage hyper relaxant. Tr\u00e8s plaisant et apaisant. J\u2019ai r\u00e9ussi \u00e0 l\u00e2cher prise !&#8221;<\/p>\n<\/div><div class='avia-testimonial-meta'><div class='avia-testimonial-arrow-wrap'><div class='avia-arrow'><\/div><\/div><div class='avia-testimonial-meta-mini'><strong  class='avia-testimonial-name'    itemprop=\"name\" >Julie \u2013 38 ans <\/strong><span  class='avia-testimonial-subtitle '    itemprop=\"jobTitle\" >Le Grand relaxant <\/span><\/div><\/div><\/div><\/div>\n<div class='avia-testimonial av_one_half flex_column no_margin avia-testimonial-row-2 avia-last-testimonial'  itemscope=\"itemscope\" itemtype=\"https:\/\/schema.org\/Person\" ><div class='avia-testimonial_inner'><div class='avia-testimonial-content '    itemscope=\"itemscope\" itemtype=\"https:\/\/schema.org\/CreativeWork\" ><p>&#8220;C\u2019est super, j\u2019ai ador\u00e9 le massage parce qu\u2019il y avait de la musique douce. C\u2019\u00e9tait agr\u00e9able&#8221;.<\/p>\n<\/div><div class='avia-testimonial-meta'><div class='avia-testimonial-arrow-wrap'><div class='avia-arrow'><\/div><\/div><div class='avia-testimonial-meta-mini'><strong  class='avia-testimonial-name'    itemprop=\"name\" >No\u00e9mie \u2013 9 ans <\/strong><span  class='avia-testimonial-subtitle '    itemprop=\"jobTitle\" >La Relaxin\u00e9sie\u00ae <\/span><\/div><\/div><\/div><\/div><\/section>\n<section class ='avia-testimonial-row'><div class='avia-testimonial av_one_half flex_column no_margin avia-testimonial-row-3 avia-first-testimonial'  itemscope=\"itemscope\" itemtype=\"https:\/\/schema.org\/Person\" ><div class='avia-testimonial_inner'><div class='avia-testimonial-content '    itemscope=\"itemscope\" itemtype=\"https:\/\/schema.org\/CreativeWork\" ><p>&#8220;Excellent ! D\u00e9verrouillage des \u00e9paules. Enchainements correspondants aux besoins ressentis. Plus d\u00e9tendue et plus l\u00e9g\u00e8re avec moins de tensions.&#8221;<\/p>\n<\/div><div class='avia-testimonial-meta'><div class='avia-testimonial-arrow-wrap'><div class='avia-arrow'><\/div><\/div><div class='avia-testimonial-meta-mini'><strong  class='avia-testimonial-name'    itemprop=\"name\" >C\u00e9cile \u2013 45 ans <\/strong><span  class='avia-testimonial-subtitle '    itemprop=\"jobTitle\" >Massage Assis<\/span><\/div><\/div><\/div><\/div>\n<div class='avia-testimonial av_one_half flex_column no_margin avia-testimonial-row-3 avia-last-testimonial'  itemscope=\"itemscope\" itemtype=\"https:\/\/schema.org\/Person\" ><div class='avia-testimonial_inner'><div class='avia-testimonial-content '    itemscope=\"itemscope\" itemtype=\"https:\/\/schema.org\/CreativeWork\" ><p>&#8220;Massage tr\u00e8s relaxant qui donne envie de recommencer. Merci Myriam.&#8221;<\/p>\n<\/div><div class='avia-testimonial-meta'><div class='avia-testimonial-arrow-wrap'><div class='avia-arrow'><\/div><\/div><div class='avia-testimonial-meta-mini'><strong  class='avia-testimonial-name'    itemprop=\"name\" >Marc \u2013 67 ans <\/strong><span  class='avia-testimonial-subtitle '    itemprop=\"jobTitle\" >Toucher-massage\u00ae <\/span><\/div><\/div><\/div><\/div><\/section>\n<\/div><br \/>\n<section class=\"av_textblock_section\"  itemscope=\"itemscope\" itemtype=\"https:\/\/schema.org\/CreativeWork\" ><div class='avia_textblock '   itemprop=\"text\" ><p style=\"text-align: center;\"><em><span style=\"font-size: 12pt;\"><span style=\"color: #1a4750;\"><span style=\"font-family: verdana, geneva, sans-serif;\">Et bien plus encore sur Google et<\/span><\/span><\/span><span style=\"font-size: 12pt;\"><span style=\"color: #1a4750;\"><span style=\"font-family: verdana, geneva, sans-serif;\"> Facebook\u2026<\/span><\/span><\/span><span style=\"font-size: 12pt;\"><span style=\"color: #1a4750;\"><br \/>\n<\/span><\/span><\/em><\/p>\n<\/div><\/section><\/p><\/div>\n","protected":false},"excerpt":{"rendered":"","protected":false},"author":1,"featured_media":0,"parent":0,"menu_order":0,"comment_status":"closed","ping_status":"closed","template":"","meta":[],"_links":{"self":[{"href":"https:\/\/unemainposee.fr\/index.php\/wp-json\/wp\/v2\/pages\/16"}],"collection":[{"href":"https:\/\/unemainposee.fr\/index.php\/wp-json\/wp\/v2\/pages"}],"about":[{"href":"https:\/\/unemainposee.fr\/index.php\/wp-json\/wp\/v2\/types\/page"}],"author":[{"embeddable":true,"href":"https:\/\/unemainposee.fr\/index.php\/wp-json\/wp\/v2\/users\/1"}],"replies":[{"embeddable":true,"href":"https:\/\/unemainposee.fr\/index.php\/wp-json\/wp\/v2\/comments?post=16"}],"version-history":[{"count":128,"href":"https:\/\/unemainposee.fr\/index.php\/wp-json\/wp\/v2\/pages\/16\/revisions"}],"predecessor-version":[{"id":2070,"href":"https:\/\/unemainposee.fr\/index.php\/wp-json\/wp\/v2\/pages\/16\/revisions\/2070"}],"wp:attachment":[{"href":"https:\/\/unemainposee.fr\/index.php\/wp-json\/wp\/v2\/media?parent=16"}],"curies":[{"name":"wp","href":"https:\/\/api.w.org\/{rel}","templated":true}]}}