{"id":13,"date":"2018-06-06T15:02:22","date_gmt":"2018-06-06T13:02:22","guid":{"rendered":"http:\/\/unemainposee.fr\/?page_id=13"},"modified":"2025-02-26T08:36:38","modified_gmt":"2025-02-26T07:36:38","slug":"accueil","status":"publish","type":"page","link":"https:\/\/unemainposee.fr\/","title":{"rendered":"Accueil"},"content":{"rendered":"<\/div><\/div><\/div><!-- close content main div --><\/div><\/div><div id='av_section_1' class='avia-section main_color avia-section-default avia-no-shadow avia-bg-style-scroll  container_wrap sidebar_right'   ><div class='container' ><div class='template-page content  av-content-small alpha units'><div class='post-entry post-entry-type-page post-entry-13'><div class='entry-content-wrapper clearfix'>\n<div class=\"flex_column av_two_third  flex_column_div av-zero-column-padding first  \" style='border-radius:0px; '><p><div style='padding-bottom:10px;color:#0e3d4a;' class='av-special-heading av-special-heading-h2 custom-color-heading blockquote modern-quote  '><h2 class='av-special-heading-tag'  itemprop=\"headline\"  >Le bien-\u00eatre au naturel<\/h2><div class='special-heading-border'><div class='special-heading-inner-border' style='border-color:#0e3d4a'><\/div><\/div><\/div><br \/>\n<section class=\"av_textblock_section\"  itemscope=\"itemscope\" itemtype=\"https:\/\/schema.org\/CreativeWork\" ><div class='avia_textblock '   itemprop=\"text\" ><p><img loading=\"lazy\" class=\"alignleft wp-image-2293\" src=\"https:\/\/unemainposee.fr\/wp-content\/uploads\/2025\/02\/Moi-modifiee-180x180.jpg\" alt=\"\" width=\"152\" height=\"152\" \/><\/p>\n<h3 style=\"text-align: left;\"><span style=\"font-family: georgia, palatino, serif; color: #5e5e5e;\"><em><strong><span style=\"font-size: 14pt;\"><span style=\"color: #ffffff;\">X<\/span><br \/>\n<\/span><\/strong><\/em><\/span><\/h3>\n<h3 style=\"text-align: left;\"><span style=\"font-size: 18pt; color: #0e3d4a;\"><span style=\"font-family: georgia, palatino, serif; color: #5e5e5e;\"><strong><span style=\"font-size: 14pt;\">\u00ab <\/span><\/strong><\/span><\/span><span style=\"font-size: 18pt; color: #0e3d4a;\">Une main pos\u00e9e, c&#8217;est une intention premi\u00e8re, vous accompagner \u00e0 prendre soin de vous <\/span><span style=\"font-size: 18pt; color: #0e3d4a;\">et deux chemins pour vous guider, les massages et la naturopathie<\/span><span style=\"font-size: 18pt; color: #0e3d4a;\"><span style=\"font-family: georgia, palatino, serif; color: #5e5e5e;\"><strong><span style=\"font-size: 14pt;\">\u00bb<\/span><\/strong><\/span><\/span><span style=\"font-size: 18pt; color: #0e3d4a;\">.<\/span><\/h3>\n<\/div><\/section><\/p><\/div><div class=\"flex_column av_one_third  flex_column_div av-zero-column-padding   \" style='border-radius:0px; '><p><div class='avia-image-container  av-styling-   avia-align-center '  itemscope=\"itemscope\" itemtype=\"https:\/\/schema.org\/ImageObject\"  ><div class='avia-image-container-inner'><a href='https:\/\/www.facebook.com\/Une-main-pos\u00e9e-491597754587719\/' class='avia_image'   target=\"_blank\" ><img class='avia_image ' src='https:\/\/unemainposee.fr\/wp-content\/uploads\/2018\/08\/bt_fb.png' alt='' title='bt_fb'  itemprop=\"contentURL\"  \/><\/a><\/div><\/div><br \/>\n<div style='height:30px' class='hr hr-invisible '><span class='hr-inner ' ><span class='hr-inner-style'><\/span><\/span><\/div><br \/>\n<section class=\"av_textblock_section\"  itemscope=\"itemscope\" itemtype=\"https:\/\/schema.org\/CreativeWork\" ><div class='avia_textblock '   itemprop=\"text\" ><p class=\"font_7\" style=\"text-align: center;\"><span style=\"font-family: verdana, geneva, sans-serif;\">Prendre rendez-vous \/ Une question ?<br \/>\n<\/span><\/p>\n<\/div><\/section><br \/>\n<div class='avia-button-wrap avia-button-center '><a href='https:\/\/unemainposee.fr\/index.php\/contact\/' class='avia-button  avia-icon_select-no avia-color-theme-color avia-size-medium avia-position-center '   ><span class='avia_iconbox_title' >Contactez-moi<\/span><\/a><\/div><\/p><\/div>\n<\/div><\/div><\/div><!-- close content main div --><\/div><\/div><div id='after_section_1' class='main_color av_default_container_wrap container_wrap sidebar_right'   ><div class='container' ><div class='template-page content  av-content-small alpha units'><div class='post-entry post-entry-type-page post-entry-13'><div class='entry-content-wrapper clearfix'>\n<div class=\"flex_column av_one_third  flex_column_div av-zero-column-padding first  \" style='border-radius:0px; '><p><div class='avia-image-container  av-styling-   avia-align-center '  itemscope=\"itemscope\" itemtype=\"https:\/\/schema.org\/ImageObject\"  ><div class='avia-image-container-inner'><img class='avia_image ' src='https:\/\/unemainposee.fr\/wp-content\/uploads\/2025\/02\/Massage-Assis-1-773x1030.jpg' alt='' title='Massage Assis 1'   itemprop=\"contentURL\"  \/><\/div><\/div><br \/>\n<div class='avia-button-wrap avia-button-center '><a href='https:\/\/unemainposee.fr\/index.php\/entreprises-instituts\/' class='avia-button  avia-icon_select-no avia-color-theme-color avia-size-small avia-position-center '   ><span class='avia_iconbox_title' >Massages en entreprises et institutions<\/span><\/a><\/div><\/p><\/div>\n<div class=\"flex_column av_one_third  flex_column_div av-zero-column-padding   \" style='border-radius:0px; '><p><div style='padding-bottom:10px;color:#0e3d4a;' class='av-special-heading av-special-heading-h2 custom-color-heading blockquote modern-quote modern-centered  '><h2 class='av-special-heading-tag'  itemprop=\"headline\"  >Les massages<\/h2><div class='special-heading-border'><div class='special-heading-inner-border' style='border-color:#0e3d4a'><\/div><\/div><\/div><br \/>\n<div style='height:30px' class='hr hr-invisible '><span class='hr-inner ' ><span class='hr-inner-style'><\/span><\/span><\/div><br \/>\n<section class=\"av_textblock_section\"  itemscope=\"itemscope\" itemtype=\"https:\/\/schema.org\/CreativeWork\" ><div class='avia_textblock  av_inherit_color'  style='color:#1a4750; '  itemprop=\"text\" ><h3><span style=\"font-size: 14pt;\">Le massage est un fabuleux moment de d\u00e9tente et de bien-\u00eatre.\u00a0C&#8217;est un moment pour soi mais c&#8217;est aussi, un formidable vecteur de communication,\u00a0un cr\u00e9ateur de lien.\u00a0<\/span><span style=\"font-size: 14pt;\">C&#8217;est pour cela et comme cela que je le pratique.<\/span><\/h3>\n<\/div><\/section><br \/>\n<section class=\"av_textblock_section\"  itemscope=\"itemscope\" itemtype=\"https:\/\/schema.org\/CreativeWork\" ><div class='avia_textblock '   itemprop=\"text\" ><p><span style=\"font-family: verdana, geneva, sans-serif; font-size: 10pt;\">\u201cUne main pos\u00e9e\u201d a cette ambition : Offrir aux salari\u00e9s comme aux personnes fragilis\u00e9es un temps de relaxation, un vrai moment \u00e0 soi, de retour \u00e0 son corps&#8230; un temps de pause.<\/span><\/p>\n<p><span style=\"font-family: verdana, geneva, sans-serif; font-size: 10pt;\">Je pratique des massages bien-\u00eatre dans des \u00e9tablissements de sant\u00e9 \u00e0 destination des personnes fragilis\u00e9es (personnes \u00e2g\u00e9es, handicap\u00e9es ou encore malades) et propose \u00e9galement des massages assis en entreprises.<\/span><\/p>\n<\/div><\/section><\/p><\/div>\n<div class=\"flex_column av_one_third  flex_column_div av-zero-column-padding   \" style='border-radius:0px; '><p><div  data-autoplay='1'  data-interval='20'  data-animation='fade'  data-show_slide_delay='90'  class='avia-content-slider avia-content-slider-active avia-content-slider1 avia-content-slider-odd '  itemscope=\"itemscope\" itemtype=\"https:\/\/schema.org\/Blog\" ><div class='avia-content-slider-inner'><div class='slide-entry-wrap'><article class='slide-entry flex_column  post-entry post-entry-2309 slide-entry-overview slide-loop-1 slide-parity-odd  post-entry-last  av_fullwidth first real-thumbnail'  itemscope=\"itemscope\" itemtype=\"https:\/\/schema.org\/BlogPosting\" itemprop=\"blogPost\" ><a href='https:\/\/unemainposee.fr\/index.php\/2025\/02\/24\/une-page-qui-se-tourne\/' data-rel='slide-1' class='slide-image' title=''><img width=\"1030\" height=\"685\" src=\"https:\/\/unemainposee.fr\/wp-content\/uploads\/2025\/02\/livre-1030x685.jpg\" class=\"attachment-large size-large wp-post-image\" alt=\"\" loading=\"lazy\" srcset=\"https:\/\/unemainposee.fr\/wp-content\/uploads\/2025\/02\/livre-1030x685.jpg 1030w, https:\/\/unemainposee.fr\/wp-content\/uploads\/2025\/02\/livre-300x199.jpg 300w, https:\/\/unemainposee.fr\/wp-content\/uploads\/2025\/02\/livre-768x511.jpg 768w, https:\/\/unemainposee.fr\/wp-content\/uploads\/2025\/02\/livre-705x469.jpg 705w, https:\/\/unemainposee.fr\/wp-content\/uploads\/2025\/02\/livre-450x299.jpg 450w, https:\/\/unemainposee.fr\/wp-content\/uploads\/2025\/02\/livre.jpg 1280w\" sizes=\"(max-width: 1030px) 100vw, 1030px\" \/><\/a><div class='slide-content'><header class=\"entry-content-header\"><span class=\"blog-categories minor-meta\"><a href=\"https:\/\/unemainposee.fr\/index.php\/category\/blog\/\" rel=\"tag\">Blog<\/a>, <a href=\"https:\/\/unemainposee.fr\/index.php\/category\/naturopathie\/\" rel=\"tag\">Naturopathie<\/a> <\/span><h3 class='slide-entry-title entry-title'  itemprop=\"headline\" ><a href='https:\/\/unemainposee.fr\/index.php\/2025\/02\/24\/une-page-qui-se-tourne\/' title='Une page qui se tourne...'>Une page qui se tourne...<\/a><\/h3><span class=\"av-vertical-delimiter\"><\/span><\/header><div class='slide-meta'><time class='slide-meta-time updated'  itemprop=\"datePublished\" datetime=\"2025-02-24T18:02:31+01:00\" >24 f\u00e9vrier 2025<\/time><\/div><div class='slide-entry-excerpt entry-content'  itemprop=\"text\" >\r\nUn grand changement\u00a0\r\n\u00c0 la rentr\u00e9e 2023, j\u2019ai repris mes\u2026<\/div><\/div><footer class=\"entry-footer\"><\/footer><span class='hidden'>\n\t\t\t<span class='av-structured-data'  itemscope=\"itemscope\" itemtype=\"https:\/\/schema.org\/ImageObject\"  itemprop='image'>\n\t\t\t\t\t   <span itemprop='url' >https:\/\/unemainposee.fr\/wp-content\/uploads\/2025\/02\/livre.jpg<\/span>\n\t\t\t\t\t   <span itemprop='height' >851<\/span>\n\t\t\t\t\t   <span itemprop='width' >1280<\/span>\n\t\t\t\t  <\/span><span class='av-structured-data'  itemprop=\"publisher\" itemtype=\"https:\/\/schema.org\/Organization\" itemscope=\"itemscope\" >\n\t\t\t\t<span itemprop='name'>Myriam Masini<\/span>\n\t\t\t\t<span itemprop='logo' itemscope itemtype='http:\/\/schema.org\/ImageObject'>\n\t\t\t\t   <span itemprop='url'>https:\/\/unemainposee.fr\/wp-content\/uploads\/2021\/03\/logo_intro.jpg<\/span>\n\t\t\t\t <\/span>\n\t\t\t  <\/span><span class='av-structured-data'  itemprop=\"author\" itemscope=\"itemscope\" itemtype=\"https:\/\/schema.org\/Person\" ><span itemprop='name'>Myriam Masini<\/span><\/span><span class='av-structured-data'  itemprop=\"datePublished\" datetime=\"2025-02-24T18:02:31+01:00\" >2025-02-24 18:02:31<\/span><span class='av-structured-data'  itemprop=\"dateModified\" itemtype=\"https:\/\/schema.org\/dateModified\" >2025-02-24 18:12:02<\/span><span class='av-structured-data'  itemprop=\"mainEntityOfPage\" itemtype=\"https:\/\/schema.org\/mainEntityOfPage\" ><span itemprop='name'>Une page qui se tourne...<\/span><\/span><\/span><\/article><\/div><\/div><\/div><br \/>\n<div style='height:30px' class='hr hr-invisible '><span class='hr-inner ' ><span class='hr-inner-style'><\/span><\/span><\/div><br \/>\n<section class=\"av_textblock_section\"  itemscope=\"itemscope\" itemtype=\"https:\/\/schema.org\/BlogPosting\" itemprop=\"blogPost\" ><div class='avia_textblock '   itemprop=\"text\" ><h3><span style=\"font-size: 14pt;\"><span style=\"font-size: 14pt;\"><strong><span style=\"color: #1a4750;\">Abonnez-vous \u00e0 la Newsletter<\/span><\/strong><\/span><\/span><\/h3>\n<\/div><\/section><br \/>\n<section class=\"avia_codeblock_section avia_code_block_0\"  itemscope=\"itemscope\" itemtype=\"https:\/\/schema.org\/BlogPosting\" itemprop=\"blogPost\" ><div class='avia_codeblock '  itemprop=\"text\" > [avia_codeblock_placeholder uid=\"0\"] <\/div><\/section><\/p><\/div>\n<div class=\"flex_column av_one_third  flex_column_div av-zero-column-padding first  \" style='border-radius:0px; '><p><div style='padding-bottom:10px;color:#7c8d6f;' class='av-special-heading av-special-heading-h2 custom-color-heading blockquote modern-quote modern-centered  '><h2 class='av-special-heading-tag'  itemprop=\"headline\"  >La naturopathie<\/h2><div class='special-heading-border'><div class='special-heading-inner-border' style='border-color:#7c8d6f'><\/div><\/div><\/div><br \/>\n<div style='height:30px' class='hr hr-invisible '><span class='hr-inner ' ><span class='hr-inner-style'><\/span><\/span><\/div><br \/>\n<section class=\"av_textblock_section\"  itemscope=\"itemscope\" itemtype=\"https:\/\/schema.org\/BlogPosting\" itemprop=\"blogPost\" ><div class='avia_textblock  av_inherit_color'  style='color:#1a4750; '  itemprop=\"text\" ><h3><span style=\"font-size: 14pt;\">L\u2019origine du mot \u201cnaturopathie\u201d vient de deux mots anglais \u201cnature\u201d et \u201cpath\u201d qui signifient \u201cle chemin de la nature\u201d ou la \u201cvoie de la nature\u201d.<br \/>\n<\/span><\/h3>\n<\/div><\/section><br \/>\n<div style='height:20px' class='hr hr-invisible '><span class='hr-inner ' ><span class='hr-inner-style'><\/span><\/span><\/div><br \/>\n<section class=\"av_textblock_section\"  itemscope=\"itemscope\" itemtype=\"https:\/\/schema.org\/BlogPosting\" itemprop=\"blogPost\" ><div class='avia_textblock '   itemprop=\"text\" ><p><span style=\"font-family: verdana, geneva, sans-serif; font-size: 10pt;\">Bien des d\u00e9finitions ont \u00e9t\u00e9 donn\u00e9es, la plus simple est sans doute de d\u00e9finir la naturopathie comme \u00e9tant l\u2019art de rester en bonne sant\u00e9 et d\u2019\u00eatre, \u00e0 nouveau, acteur et responsable de sa sant\u00e9. C&#8217;est prendre soin de soi, en utilisant des moyens naturels.<\/span><\/p>\n<p><span style=\"font-family: verdana, geneva, sans-serif; font-size: 10pt;\">Cette pratique simple, de bon sens, permet de se retrouver, de se rapprocher de la nature et de l\u2019essentiel. Dans cette d\u00e9marche, je vous propose mon analyse et mes comp\u00e9tences dans le respect de vos envies et de vos limites. Je mets \u00e0 votre service mes connaissances et mes recommandations pour vous accompagner dans une vie plus naturelle, tout en respectant vos besoins physiologiques.<\/span><\/p>\n<\/div><\/section><\/p><\/div>\n<div class=\"flex_column av_one_third  flex_column_div av-zero-column-padding   \" style='border-radius:0px; '><p><div class='avia-image-container  av-styling-   avia-align-center '  itemscope=\"itemscope\" itemtype=\"https:\/\/schema.org\/ImageObject\"  ><div class='avia-image-container-inner'><img class='avia_image ' src='https:\/\/unemainposee.fr\/wp-content\/uploads\/2025\/02\/chemin-687x1030.jpg' alt='' title='chemin'   itemprop=\"contentURL\"  \/><\/div><\/div><br \/>\n<div class='avia-button-wrap avia-button-center '><a href='https:\/\/unemainposee.fr\/index.php\/la-naturopathie\/' class='avia-button  avia-icon_select-no avia-color-custom avia-size-small avia-position-center '  style='background-color:#7c8d6f; border-color:#7c8d6f; color:#ffffff; ' ><span class='avia_iconbox_title' >La naturophatie<\/span><\/a><\/div><\/p><\/div><div class=\"flex_column av_one_third  flex_column_div av-zero-column-padding   \" style='border-radius:0px; '><p><div class='avia-image-container  av-styling-   avia-align-center '  itemscope=\"itemscope\" itemtype=\"https:\/\/schema.org\/ImageObject\"  ><div class='avia-image-container-inner'><a href='https:\/\/www.facebook.com\/Une-main-pos\u00e9e-491597754587719\/' class='avia_image'   target=\"_blank\" ><img class='avia_image ' src='https:\/\/unemainposee.fr\/wp-content\/uploads\/2018\/08\/bt_fb.png' alt='' title='bt_fb'  itemprop=\"contentURL\"  \/><\/a><\/div><\/div><br \/>\n<section class=\"avia_codeblock_section avia_code_block_1\"  itemscope=\"itemscope\" itemtype=\"https:\/\/schema.org\/BlogPosting\" itemprop=\"blogPost\" ><div class='avia_codeblock '  itemprop=\"text\" > [avia_codeblock_placeholder uid=\"1\"] <\/div><\/section><\/p><\/div><\/p>\n","protected":false},"excerpt":{"rendered":"","protected":false},"author":1,"featured_media":0,"parent":0,"menu_order":0,"comment_status":"closed","ping_status":"closed","template":"","meta":[],"_links":{"self":[{"href":"https:\/\/unemainposee.fr\/index.php\/wp-json\/wp\/v2\/pages\/13"}],"collection":[{"href":"https:\/\/unemainposee.fr\/index.php\/wp-json\/wp\/v2\/pages"}],"about":[{"href":"https:\/\/unemainposee.fr\/index.php\/wp-json\/wp\/v2\/types\/page"}],"author":[{"embeddable":true,"href":"https:\/\/unemainposee.fr\/index.php\/wp-json\/wp\/v2\/users\/1"}],"replies":[{"embeddable":true,"href":"https:\/\/unemainposee.fr\/index.php\/wp-json\/wp\/v2\/comments?post=13"}],"version-history":[{"count":125,"href":"https:\/\/unemainposee.fr\/index.php\/wp-json\/wp\/v2\/pages\/13\/revisions"}],"predecessor-version":[{"id":2321,"href":"https:\/\/unemainposee.fr\/index.php\/wp-json\/wp\/v2\/pages\/13\/revisions\/2321"}],"wp:attachment":[{"href":"https:\/\/unemainposee.fr\/index.php\/wp-json\/wp\/v2\/media?parent=13"}],"curies":[{"name":"wp","href":"https:\/\/api.w.org\/{rel}","templated":true}]}}